{"id":3821,"date":"2020-11-20T19:17:40","date_gmt":"2020-11-20T18:17:40","guid":{"rendered":"https:\/\/www.martinennalsaward.org\/?page_id=3821"},"modified":"2021-01-27T11:09:03","modified_gmt":"2021-01-27T10:09:03","slug":"participate-to-2021-ceremony-keep-me-informed","status":"publish","type":"page","link":"https:\/\/www.martinennalsaward.org\/fr\/participate-to-2021-ceremony-keep-me-informed\/","title":{"rendered":"Participer \u00e0 la c\u00e9r\u00e9monie 2021 &#8211; S&rsquo;inscrire ici"},"content":{"rendered":"\t\t<div data-elementor-type=\"wp-page\" data-elementor-id=\"3821\" class=\"elementor elementor-3821\" data-elementor-post-type=\"page\">\n\t\t\t\t\t\t<section class=\"elementor-section elementor-top-section elementor-element elementor-element-bce9e46 elementor-section-boxed elementor-section-height-default elementor-section-height-default\" data-id=\"bce9e46\" data-element_type=\"section\">\n\t\t\t\t\t\t<div class=\"elementor-container elementor-column-gap-default\">\n\t\t\t\t\t<div class=\"elementor-column elementor-col-100 elementor-top-column elementor-element elementor-element-bdef900\" data-id=\"bdef900\" data-element_type=\"column\">\n\t\t\t<div class=\"elementor-widget-wrap elementor-element-populated\">\n\t\t\t\t\t\t<div class=\"elementor-element elementor-element-a2958f7 elementor-widget elementor-widget-heading\" data-id=\"a2958f7\" data-element_type=\"widget\" data-widget_type=\"heading.default\">\n\t\t\t\t<div class=\"elementor-widget-container\">\n\t\t\t<h1 class=\"elementor-heading-title elementor-size-default\">S'inscrire ici<\/h1>\t\t<\/div>\n\t\t\t\t<\/div>\n\t\t\t\t<div class=\"elementor-element elementor-element-9159db0 elementor-widget elementor-widget-text-editor\" data-id=\"9159db0\" data-element_type=\"widget\" data-widget_type=\"text-editor.default\">\n\t\t\t\t<div class=\"elementor-widget-container\">\n\t\t\t\t\t\t\t<p align=\"center\"><span lang=\"DE-CH\">Bienvenu-e et merci de votre int\u00e9r\u00eat pour le Prix Martin Ennals pour les d\u00e9fenseurs et d\u00e9fenseuses des droits humains!<\/span><\/p><p align=\"center\"><span lang=\"DE-CH\">Inscrivez-vous pour <strong>participer \u00e0 la C\u00e9r\u00e9monie de remise du Prix Martin Ennals qui se d\u00e9roulera en ligne le 11 f\u00e9vrier 2021 \u00e0 18h UTC+1<\/strong><\/span><\/p>\t\t\t\t\t\t<\/div>\n\t\t\t\t<\/div>\n\t\t\t\t\t<\/div>\n\t\t<\/div>\n\t\t\t\t\t<\/div>\n\t\t<\/section>\n\t\t\t\t<section class=\"elementor-section elementor-top-section elementor-element elementor-element-dc459c2 elementor-section-boxed elementor-section-height-default elementor-section-height-default\" data-id=\"dc459c2\" data-element_type=\"section\">\n\t\t\t\t\t\t<div class=\"elementor-container elementor-column-gap-default\">\n\t\t\t\t\t<div class=\"elementor-column elementor-col-33 elementor-top-column elementor-element elementor-element-8fb5aa9\" data-id=\"8fb5aa9\" data-element_type=\"column\">\n\t\t\t<div class=\"elementor-widget-wrap\">\n\t\t\t\t\t\t\t<\/div>\n\t\t<\/div>\n\t\t\t\t<div class=\"elementor-column elementor-col-33 elementor-top-column elementor-element elementor-element-577a200\" data-id=\"577a200\" data-element_type=\"column\">\n\t\t\t<div class=\"elementor-widget-wrap elementor-element-populated\">\n\t\t\t\t\t\t<div class=\"elementor-element elementor-element-fcac7a4 eael-gravity-form-button-custom elementor-widget elementor-widget-eael-gravity-form\" data-id=\"fcac7a4\" data-element_type=\"widget\" data-widget_type=\"eael-gravity-form.default\">\n\t\t\t\t<div class=\"elementor-widget-container\">\n\t\t\t            <div class=\"eael-contact-form eael-gravity-form eael-custom-radio-checkbox eael-contact-form-align-center\">\n                                            <\/div>\n            \t\t<\/div>\n\t\t\t\t<\/div>\n\t\t\t\t\t<\/div>\n\t\t<\/div>\n\t\t\t\t<div class=\"elementor-column elementor-col-33 elementor-top-column elementor-element elementor-element-9ef0c66\" data-id=\"9ef0c66\" data-element_type=\"column\">\n\t\t\t<div class=\"elementor-widget-wrap\">\n\t\t\t\t\t\t\t<\/div>\n\t\t<\/div>\n\t\t\t\t\t<\/div>\n\t\t<\/section>\n\t\t\t\t<\/div>\n\t\t","protected":false},"excerpt":{"rendered":"<p>S&rsquo;inscrire ici Bienvenu-e et merci de votre int\u00e9r\u00eat pour le Prix Martin Ennals pour les d\u00e9fenseurs et d\u00e9fenseuses des droits humains! Inscrivez-vous pour participer \u00e0 la C\u00e9r\u00e9monie de remise du Prix Martin Ennals qui se d\u00e9roulera en ligne le 11 f\u00e9vrier 2021 \u00e0 18h UTC+1 Formule de politesse*MMmeDrProf Pr\u00e9nom* Nom* Nom de votre Organisation Type<a class=\"read-more\" href=\"https:\/\/www.martinennalsaward.org\/fr\/participate-to-2021-ceremony-keep-me-informed\/\">Read More&#8230;<\/a><\/p>\n","protected":false},"author":11,"featured_media":0,"parent":0,"menu_order":6,"comment_status":"closed","ping_status":"closed","template":"","meta":{"_acf_changed":false,"footnotes":""},"class_list":["post-3821","page","type-page","status-publish","hentry"],"acf":[],"yoast_head":"<!-- This site is optimized with the Yoast SEO plugin v24.1 - https:\/\/yoast.com\/wordpress\/plugins\/seo\/ -->\n<title>Participer \u00e0 la c\u00e9r\u00e9monie 2021 - S&#039;inscrire ici - Martin Ennals Award<\/title>\n<meta name=\"description\" content=\"Participate to 2020 Martin Ennals Award Ceremony to protect human rights together and honour three exceptional women human rights defenders\" \/>\n<meta name=\"robots\" content=\"index, follow, max-snippet:-1, max-image-preview:large, max-video-preview:-1\" \/>\n<link rel=\"canonical\" href=\"https:\/\/www.martinennalsaward.org\/fr\/participate-to-2021-ceremony-keep-me-informed\/\" \/>\n<meta property=\"og:locale\" content=\"fr_FR\" \/>\n<meta property=\"og:type\" content=\"article\" \/>\n<meta property=\"og:title\" content=\"Participer \u00e0 la c\u00e9r\u00e9monie 2021 - S&#039;inscrire ici - Martin Ennals Award\" \/>\n<meta property=\"og:description\" content=\"Participate to 2020 Martin Ennals Award Ceremony to protect human rights together and honour three exceptional women human rights defenders\" \/>\n<meta property=\"og:url\" content=\"https:\/\/www.martinennalsaward.org\/fr\/participate-to-2021-ceremony-keep-me-informed\/\" \/>\n<meta property=\"og:site_name\" content=\"Martin Ennals Award\" \/>\n<meta property=\"article:modified_time\" content=\"2021-01-27T10:09:03+00:00\" \/>\n<meta name=\"twitter:card\" content=\"summary_large_image\" \/>\n<meta name=\"twitter:label1\" content=\"Dur\u00e9e de lecture estim\u00e9e\" \/>\n\t<meta name=\"twitter:data1\" content=\"1 minute\" \/>\n<script type=\"application\/ld+json\" class=\"yoast-schema-graph\">{\"@context\":\"https:\/\/schema.org\",\"@graph\":[{\"@type\":\"WebPage\",\"@id\":\"https:\/\/www.martinennalsaward.org\/fr\/participate-to-2021-ceremony-keep-me-informed\/\",\"url\":\"https:\/\/www.martinennalsaward.org\/fr\/participate-to-2021-ceremony-keep-me-informed\/\",\"name\":\"Participer \u00e0 la c\u00e9r\u00e9monie 2021 - S'inscrire ici - Martin Ennals Award\",\"isPartOf\":{\"@id\":\"https:\/\/www.martinennalsaward.org\/#website\"},\"datePublished\":\"2020-11-20T18:17:40+00:00\",\"dateModified\":\"2021-01-27T10:09:03+00:00\",\"description\":\"Participate to 2020 Martin Ennals Award Ceremony to protect human rights together and honour three exceptional women human rights defenders\",\"breadcrumb\":{\"@id\":\"https:\/\/www.martinennalsaward.org\/fr\/participate-to-2021-ceremony-keep-me-informed\/#breadcrumb\"},\"inLanguage\":\"fr-FR\",\"potentialAction\":[{\"@type\":\"ReadAction\",\"target\":[\"https:\/\/www.martinennalsaward.org\/fr\/participate-to-2021-ceremony-keep-me-informed\/\"]}]},{\"@type\":\"BreadcrumbList\",\"@id\":\"https:\/\/www.martinennalsaward.org\/fr\/participate-to-2021-ceremony-keep-me-informed\/#breadcrumb\",\"itemListElement\":[{\"@type\":\"ListItem\",\"position\":1,\"name\":\"Home\",\"item\":\"https:\/\/www.martinennalsaward.org\/\"},{\"@type\":\"ListItem\",\"position\":2,\"name\":\"Participer \u00e0 la c\u00e9r\u00e9monie 2021 &#8211; S&rsquo;inscrire ici\"}]},{\"@type\":\"WebSite\",\"@id\":\"https:\/\/www.martinennalsaward.org\/#website\",\"url\":\"https:\/\/www.martinennalsaward.org\/\",\"name\":\"Martin Ennals Award\",\"description\":\"For Human Rights Defenders\",\"potentialAction\":[{\"@type\":\"SearchAction\",\"target\":{\"@type\":\"EntryPoint\",\"urlTemplate\":\"https:\/\/www.martinennalsaward.org\/?s={search_term_string}\"},\"query-input\":{\"@type\":\"PropertyValueSpecification\",\"valueRequired\":true,\"valueName\":\"search_term_string\"}}],\"inLanguage\":\"fr-FR\"}]}<\/script>\n<!-- \/ Yoast SEO plugin. -->","yoast_head_json":{"title":"Participer \u00e0 la c\u00e9r\u00e9monie 2021 - S'inscrire ici - Martin Ennals Award","description":"Participate to 2020 Martin Ennals Award Ceremony to protect human rights together and honour three exceptional women human rights defenders","robots":{"index":"index","follow":"follow","max-snippet":"max-snippet:-1","max-image-preview":"max-image-preview:large","max-video-preview":"max-video-preview:-1"},"canonical":"https:\/\/www.martinennalsaward.org\/fr\/participate-to-2021-ceremony-keep-me-informed\/","og_locale":"fr_FR","og_type":"article","og_title":"Participer \u00e0 la c\u00e9r\u00e9monie 2021 - S'inscrire ici - Martin Ennals Award","og_description":"Participate to 2020 Martin Ennals Award Ceremony to protect human rights together and honour three exceptional women human rights defenders","og_url":"https:\/\/www.martinennalsaward.org\/fr\/participate-to-2021-ceremony-keep-me-informed\/","og_site_name":"Martin Ennals Award","article_modified_time":"2021-01-27T10:09:03+00:00","twitter_card":"summary_large_image","twitter_misc":{"Dur\u00e9e de lecture estim\u00e9e":"1 minute"},"schema":{"@context":"https:\/\/schema.org","@graph":[{"@type":"WebPage","@id":"https:\/\/www.martinennalsaward.org\/fr\/participate-to-2021-ceremony-keep-me-informed\/","url":"https:\/\/www.martinennalsaward.org\/fr\/participate-to-2021-ceremony-keep-me-informed\/","name":"Participer \u00e0 la c\u00e9r\u00e9monie 2021 - S'inscrire ici - Martin Ennals Award","isPartOf":{"@id":"https:\/\/www.martinennalsaward.org\/#website"},"datePublished":"2020-11-20T18:17:40+00:00","dateModified":"2021-01-27T10:09:03+00:00","description":"Participate to 2020 Martin Ennals Award Ceremony to protect human rights together and honour three exceptional women human rights defenders","breadcrumb":{"@id":"https:\/\/www.martinennalsaward.org\/fr\/participate-to-2021-ceremony-keep-me-informed\/#breadcrumb"},"inLanguage":"fr-FR","potentialAction":[{"@type":"ReadAction","target":["https:\/\/www.martinennalsaward.org\/fr\/participate-to-2021-ceremony-keep-me-informed\/"]}]},{"@type":"BreadcrumbList","@id":"https:\/\/www.martinennalsaward.org\/fr\/participate-to-2021-ceremony-keep-me-informed\/#breadcrumb","itemListElement":[{"@type":"ListItem","position":1,"name":"Home","item":"https:\/\/www.martinennalsaward.org\/"},{"@type":"ListItem","position":2,"name":"Participer \u00e0 la c\u00e9r\u00e9monie 2021 &#8211; S&rsquo;inscrire ici"}]},{"@type":"WebSite","@id":"https:\/\/www.martinennalsaward.org\/#website","url":"https:\/\/www.martinennalsaward.org\/","name":"Martin Ennals Award","description":"For Human Rights Defenders","potentialAction":[{"@type":"SearchAction","target":{"@type":"EntryPoint","urlTemplate":"https:\/\/www.martinennalsaward.org\/?s={search_term_string}"},"query-input":{"@type":"PropertyValueSpecification","valueRequired":true,"valueName":"search_term_string"}}],"inLanguage":"fr-FR"}]}},"_links":{"self":[{"href":"https:\/\/www.martinennalsaward.org\/fr\/wp-json\/wp\/v2\/pages\/3821"}],"collection":[{"href":"https:\/\/www.martinennalsaward.org\/fr\/wp-json\/wp\/v2\/pages"}],"about":[{"href":"https:\/\/www.martinennalsaward.org\/fr\/wp-json\/wp\/v2\/types\/page"}],"author":[{"embeddable":true,"href":"https:\/\/www.martinennalsaward.org\/fr\/wp-json\/wp\/v2\/users\/11"}],"replies":[{"embeddable":true,"href":"https:\/\/www.martinennalsaward.org\/fr\/wp-json\/wp\/v2\/comments?post=3821"}],"version-history":[{"count":0,"href":"https:\/\/www.martinennalsaward.org\/fr\/wp-json\/wp\/v2\/pages\/3821\/revisions"}],"wp:attachment":[{"href":"https:\/\/www.martinennalsaward.org\/fr\/wp-json\/wp\/v2\/media?parent=3821"}],"curies":[{"name":"wp","href":"https:\/\/api.w.org\/{rel}","templated":true}]}}