{"id":3817,"date":"2020-11-20T19:16:05","date_gmt":"2020-11-20T18:16:05","guid":{"rendered":"https:\/\/www.martinennalsaward.org\/?page_id=3817"},"modified":"2021-09-01T16:21:36","modified_gmt":"2021-09-01T14:21:36","slug":"programs","status":"publish","type":"page","link":"https:\/\/www.martinennalsaward.org\/fr\/programs\/","title":{"rendered":"Programs"},"content":{"rendered":"\t\t<div data-elementor-type=\"wp-page\" data-elementor-id=\"3817\" class=\"elementor elementor-3817\" data-elementor-post-type=\"page\">\n\t\t\t\t\t\t<section class=\"elementor-section elementor-top-section elementor-element elementor-element-027cbb8 elementor-section-boxed elementor-section-height-default elementor-section-height-default\" data-id=\"027cbb8\" data-element_type=\"section\">\n\t\t\t\t\t\t<div class=\"elementor-container elementor-column-gap-default\">\n\t\t\t\t\t<div class=\"elementor-column elementor-col-100 elementor-top-column elementor-element elementor-element-ca0d427\" data-id=\"ca0d427\" data-element_type=\"column\">\n\t\t\t<div class=\"elementor-widget-wrap elementor-element-populated\">\n\t\t\t\t\t\t<div class=\"elementor-element elementor-element-45ac011 elementor-widget elementor-widget-heading\" data-id=\"45ac011\" data-element_type=\"widget\" data-widget_type=\"heading.default\">\n\t\t\t\t<div class=\"elementor-widget-container\">\n\t\t\t<h1 class=\"elementor-heading-title elementor-size-default\">Programmes<\/h1>\t\t<\/div>\n\t\t\t\t<\/div>\n\t\t\t\t<div class=\"elementor-element elementor-element-5a23230 elementor-widget elementor-widget-text-editor\" data-id=\"5a23230\" data-element_type=\"widget\" data-widget_type=\"text-editor.default\">\n\t\t\t\t<div class=\"elementor-widget-container\">\n\t\t\t\t\t\t\t<p lang=\"de-CH\" align=\"justify\"><span lang=\"fr-FR\">Depuis 1992, la Fondation Martin Ennals a pour mission d&rsquo;assurer la visibilit\u00e9 et la protection des d\u00e9fenseur-euse-s des droits humains en danger, notamment par le biais du Prix annuel Martin Ennals. Dans la lign\u00e9e de son engagement en faveur des droits humains, la Fondation a d\u00e9velopp\u00e9 plusieurs programmes au sein de la Gen\u00e8ve internationale, et au-del\u00e0. Nos programmes visent \u00e0 renforcer l&rsquo;autonomie des d\u00e9fenseur-euse-s dans leur travail et \u00e0 permettre \u00e0 la jeune g\u00e9n\u00e9ration de d\u00e9velopper ses propres comp\u00e9tences en mati\u00e8re de droits<\/span><span lang=\"fr-FR\"> humains.<\/span><\/p>\t\t\t\t\t\t<\/div>\n\t\t\t\t<\/div>\n\t\t\t\t<div class=\"elementor-element elementor-element-cda5576 elementor-grid-tablet-3 elementor-grid-3 elementor-grid-mobile-1 elementor-posts--thumbnail-top elementor-widget elementor-widget-posts\" data-id=\"cda5576\" data-element_type=\"widget\" data-settings=\"{&quot;classic_columns_tablet&quot;:&quot;3&quot;,&quot;classic_columns&quot;:&quot;3&quot;,&quot;classic_columns_mobile&quot;:&quot;1&quot;,&quot;classic_row_gap&quot;:{&quot;unit&quot;:&quot;px&quot;,&quot;size&quot;:35,&quot;sizes&quot;:[]},&quot;classic_row_gap_tablet&quot;:{&quot;unit&quot;:&quot;px&quot;,&quot;size&quot;:&quot;&quot;,&quot;sizes&quot;:[]},&quot;classic_row_gap_mobile&quot;:{&quot;unit&quot;:&quot;px&quot;,&quot;size&quot;:&quot;&quot;,&quot;sizes&quot;:[]}}\" data-widget_type=\"posts.classic\">\n\t\t\t\t<div class=\"elementor-widget-container\">\n\t\t\t\t\t<div class=\"elementor-posts-container elementor-posts elementor-posts--skin-classic elementor-grid\">\n\t\t\t\t<article class=\"elementor-post elementor-grid-item post-12038 post type-post status-publish format-standard hentry category-non-classifiee news_section-news\">\n\t\t\t\t<div class=\"elementor-post__text\">\n\t\t\t\t<h3 class=\"elementor-post__title\">\n\t\t\t<a href=\"https:\/\/www.martinennalsaward.org\/fr\/journee-internationale-des-droits-des-femmes-trois-defenseuses-a-lhonneur-en-2025\/\" >\n\t\t\t\tJourn\u00e9e internationale des droits des femmes: trois d\u00e9fenseuses \u00e0 l&rsquo;honneur en 2025\t\t\t<\/a>\n\t\t<\/h3>\n\t\t\t\t<div class=\"elementor-post__excerpt\">\n\t\t\t<p>Gen\u00e8ve, 8 mars 2026 \u00c0 l\u2019occasion de la Journ\u00e9e internationale des droits des femmes 2026, la Fondation Martin Ennals met en lumi\u00e8re le courage et<\/p>\n\t\t<\/div>\n\t\t\t\t<\/div>\n\t\t\t\t<\/article>\n\t\t\t\t<article class=\"elementor-post elementor-grid-item post-3806 page type-page status-publish has-post-thumbnail hentry\">\n\t\t\t\t<a class=\"elementor-post__thumbnail__link\" href=\"https:\/\/www.martinennalsaward.org\/fr\/programs\/residency\/\" tabindex=\"-1\" >\n\t\t\t<div class=\"elementor-post__thumbnail\"><img fetchpriority=\"high\" decoding=\"async\" width=\"300\" height=\"251\" src=\"https:\/\/www.martinennalsaward.org\/wp-content\/uploads\/2020\/11\/pictoresidency-300x251.png\" class=\"attachment-medium size-medium wp-image-3655\" alt=\"\" srcset=\"https:\/\/www.martinennalsaward.org\/wp-content\/uploads\/2020\/11\/pictoresidency-300x251.png 300w, https:\/\/www.martinennalsaward.org\/wp-content\/uploads\/2020\/11\/pictoresidency.png 546w\" sizes=\"(max-width: 300px) 100vw, 300px\" \/><\/div>\n\t\t<\/a>\n\t\t\t\t<div class=\"elementor-post__text\">\n\t\t\t\t<h3 class=\"elementor-post__title\">\n\t\t\t<a href=\"https:\/\/www.martinennalsaward.org\/fr\/programs\/residency\/\" >\n\t\t\t\tResidency\t\t\t<\/a>\n\t\t<\/h3>\n\t\t\t\t<div class=\"elementor-post__excerpt\">\n\t\t\t<p><strong>La Geneva Residency <\/strong>offre aux finalistes et laur\u00e9at.e.s du Prix Martin Ennals des ressources et opportunit\u00e9s pour renforcer leurs capacit\u00e9s de plaidoyer et acc\u00e9der aux acteurs cl\u00e9s en mati\u00e8re de droits humains, en Suisse comme \u00e0 l\u2019international.  <\/p>\n\t\t<\/div>\n\t\t\t\t<\/div>\n\t\t\t\t<\/article>\n\t\t\t\t<article class=\"elementor-post elementor-grid-item post-3808 page type-page status-publish has-post-thumbnail hentry\">\n\t\t\t\t<a class=\"elementor-post__thumbnail__link\" href=\"https:\/\/www.martinennalsaward.org\/fr\/programs\/defenders\/\" tabindex=\"-1\" >\n\t\t\t<div class=\"elementor-post__thumbnail\"><img decoding=\"async\" width=\"300\" height=\"251\" data-src=\"https:\/\/www.martinennalsaward.org\/wp-content\/uploads\/2020\/11\/pictodefenders-300x251.png\" class=\"attachment-medium size-medium wp-image-3653 lazyload\" alt=\"\" data-srcset=\"https:\/\/www.martinennalsaward.org\/wp-content\/uploads\/2020\/11\/pictodefenders-300x251.png 300w, https:\/\/www.martinennalsaward.org\/wp-content\/uploads\/2020\/11\/pictodefenders-768x644.png 768w, https:\/\/www.martinennalsaward.org\/wp-content\/uploads\/2020\/11\/pictodefenders.png 940w\" data-sizes=\"(max-width: 300px) 100vw, 300px\" src=\"data:image\/gif;base64,R0lGODlhAQABAAAAACH5BAEKAAEALAAAAAABAAEAAAICTAEAOw==\" style=\"--smush-placeholder-width: 300px; --smush-placeholder-aspect-ratio: 300\/251;\" \/><noscript><img decoding=\"async\" width=\"300\" height=\"251\" src=\"https:\/\/www.martinennalsaward.org\/wp-content\/uploads\/2020\/11\/pictodefenders-300x251.png\" class=\"attachment-medium size-medium wp-image-3653\" alt=\"\" srcset=\"https:\/\/www.martinennalsaward.org\/wp-content\/uploads\/2020\/11\/pictodefenders-300x251.png 300w, https:\/\/www.martinennalsaward.org\/wp-content\/uploads\/2020\/11\/pictodefenders-768x644.png 768w, https:\/\/www.martinennalsaward.org\/wp-content\/uploads\/2020\/11\/pictodefenders.png 940w\" sizes=\"(max-width: 300px) 100vw, 300px\" \/><\/noscript><\/div>\n\t\t<\/a>\n\t\t\t\t<div class=\"elementor-post__text\">\n\t\t\t\t<h3 class=\"elementor-post__title\">\n\t\t\t<a href=\"https:\/\/www.martinennalsaward.org\/fr\/programs\/defenders\/\" >\n\t\t\t\tDefenders\t\t\t<\/a>\n\t\t<\/h3>\n\t\t\t\t<div class=\"elementor-post__excerpt\">\n\t\t\t<p>La mise en \u0153uvre des droits humains ne saurait se faire sans un engagement durable des acteurs sur le terrain. Le R\u00e9seau des d\u00e9fenseur.euse.s du Prix Martin Ennals vise \u00e0 renforcer l&rsquo;autonomie des d\u00e9fenseur.euse.s en leur offrant de quoi d\u00e9velopper leur comp\u00e9tences professionnelles ainsi que leur \u00e9quilibre personnel, gr\u00e2ce \u00e0 des \u00e9changes entre pairs.<\/p>\n\t\t<\/div>\n\t\t\t\t<\/div>\n\t\t\t\t<\/article>\n\t\t\t\t<article class=\"elementor-post elementor-grid-item post-3814 page type-page status-publish has-post-thumbnail hentry\">\n\t\t\t\t<a class=\"elementor-post__thumbnail__link\" href=\"https:\/\/www.martinennalsaward.org\/fr\/programs\/education\/\" tabindex=\"-1\" >\n\t\t\t<div class=\"elementor-post__thumbnail\"><img decoding=\"async\" width=\"300\" height=\"251\" data-src=\"https:\/\/www.martinennalsaward.org\/wp-content\/uploads\/2020\/11\/pictoeducation-300x251.png\" class=\"attachment-medium size-medium wp-image-3654 lazyload\" alt=\"\" data-srcset=\"https:\/\/www.martinennalsaward.org\/wp-content\/uploads\/2020\/11\/pictoeducation-300x251.png 300w, https:\/\/www.martinennalsaward.org\/wp-content\/uploads\/2020\/11\/pictoeducation-768x644.png 768w, https:\/\/www.martinennalsaward.org\/wp-content\/uploads\/2020\/11\/pictoeducation.png 940w\" data-sizes=\"(max-width: 300px) 100vw, 300px\" src=\"data:image\/gif;base64,R0lGODlhAQABAAAAACH5BAEKAAEALAAAAAABAAEAAAICTAEAOw==\" style=\"--smush-placeholder-width: 300px; --smush-placeholder-aspect-ratio: 300\/251;\" \/><noscript><img decoding=\"async\" width=\"300\" height=\"251\" src=\"https:\/\/www.martinennalsaward.org\/wp-content\/uploads\/2020\/11\/pictoeducation-300x251.png\" class=\"attachment-medium size-medium wp-image-3654\" alt=\"\" srcset=\"https:\/\/www.martinennalsaward.org\/wp-content\/uploads\/2020\/11\/pictoeducation-300x251.png 300w, https:\/\/www.martinennalsaward.org\/wp-content\/uploads\/2020\/11\/pictoeducation-768x644.png 768w, https:\/\/www.martinennalsaward.org\/wp-content\/uploads\/2020\/11\/pictoeducation.png 940w\" sizes=\"(max-width: 300px) 100vw, 300px\" \/><\/noscript><\/div>\n\t\t<\/a>\n\t\t\t\t<div class=\"elementor-post__text\">\n\t\t\t\t<h3 class=\"elementor-post__title\">\n\t\t\t<a href=\"https:\/\/www.martinennalsaward.org\/fr\/programs\/education\/\" >\n\t\t\t\tEducation\t\t\t<\/a>\n\t\t<\/h3>\n\t\t\t\t<div class=\"elementor-post__excerpt\">\n\t\t\t<p>Pour la Fondation Martin\u00a0Ennals,\u00a0la jeunesse\u00a0joue un r\u00f4le fondamental dans la construction d\u2019une soci\u00e9t\u00e9 pacifique et engag\u00e9e\u00a0pour le respect des droits humains. C\u2019est dans cet esprit que la Fondation a d\u00e9velopp\u00e9 le projet \u00e9ducatif <strong>\u00ab\u00a0D\u00e9fendre les droits humains, ici et ailleurs<\/strong>.<\/p>\n\t\t<\/div>\n\t\t\t\t<\/div>\n\t\t\t\t<\/article>\n\t\t\t\t<\/div>\n\t\t\n\t\t\t\t<\/div>\n\t\t\t\t<\/div>\n\t\t\t\t\t<\/div>\n\t\t<\/div>\n\t\t\t\t\t<\/div>\n\t\t<\/section>\n\t\t\t\t<section class=\"elementor-section elementor-top-section elementor-element elementor-element-c9efb26 elementor-section-boxed elementor-section-height-default elementor-section-height-default\" data-id=\"c9efb26\" data-element_type=\"section\">\n\t\t\t\t\t\t<div class=\"elementor-container elementor-column-gap-default\">\n\t\t\t\t\t<div class=\"elementor-column elementor-col-100 elementor-top-column elementor-element elementor-element-1974544\" data-id=\"1974544\" data-element_type=\"column\">\n\t\t\t<div class=\"elementor-widget-wrap elementor-element-populated\">\n\t\t\t\t\t\t<div class=\"elementor-element elementor-element-abf4faf elementor-widget elementor-widget-heading\" data-id=\"abf4faf\" data-element_type=\"widget\" data-widget_type=\"heading.default\">\n\t\t\t\t<div class=\"elementor-widget-container\">\n\t\t\t<h1 class=\"elementor-heading-title elementor-size-default\">ACTUALIT\u00c9s LI\u00c9ES<\/h1>\t\t<\/div>\n\t\t\t\t<\/div>\n\t\t\t\t<div class=\"elementor-element elementor-element-8a2a547 elementor-grid-3 elementor-grid-tablet-2 elementor-grid-mobile-1 elementor-posts--thumbnail-top elementor-widget elementor-widget-posts\" data-id=\"8a2a547\" data-element_type=\"widget\" data-settings=\"{&quot;classic_row_gap&quot;:{&quot;unit&quot;:&quot;px&quot;,&quot;size&quot;:60,&quot;sizes&quot;:[]},&quot;classic_columns&quot;:&quot;3&quot;,&quot;classic_columns_tablet&quot;:&quot;2&quot;,&quot;classic_columns_mobile&quot;:&quot;1&quot;,&quot;classic_row_gap_tablet&quot;:{&quot;unit&quot;:&quot;px&quot;,&quot;size&quot;:&quot;&quot;,&quot;sizes&quot;:[]},&quot;classic_row_gap_mobile&quot;:{&quot;unit&quot;:&quot;px&quot;,&quot;size&quot;:&quot;&quot;,&quot;sizes&quot;:[]}}\" data-widget_type=\"posts.classic\">\n\t\t\t\t<div class=\"elementor-widget-container\">\n\t\t\t\t\t<div class=\"elementor-posts-container elementor-posts elementor-posts--skin-classic elementor-grid\">\n\t\t\t\t<article class=\"elementor-post elementor-grid-item post-11013 post type-post status-publish format-standard has-post-thumbnail hentry category-award-announcement-fr category-news-fr-2 category-news-fr-fr tag-laureats-2024 tag-news-fr news_section-defenders news_section-news-2 news_section-news\">\n\t\t\t\t<a class=\"elementor-post__thumbnail__link\" href=\"https:\/\/www.martinennalsaward.org\/fr\/laureates-2024\/\" tabindex=\"-1\" >\n\t\t\t<div class=\"elementor-post__thumbnail\"><img loading=\"lazy\" decoding=\"async\" width=\"300\" height=\"300\" data-src=\"https:\/\/www.martinennalsaward.org\/wp-content\/uploads\/2024\/11\/5-meet-the-laureates-2024-fr-300x300.png\" class=\"attachment-medium size-medium wp-image-11008 lazyload\" alt=\"\" data-srcset=\"https:\/\/www.martinennalsaward.org\/wp-content\/uploads\/2024\/11\/5-meet-the-laureates-2024-fr-300x300.png 300w, https:\/\/www.martinennalsaward.org\/wp-content\/uploads\/2024\/11\/5-meet-the-laureates-2024-fr-1024x1024.png 1024w, https:\/\/www.martinennalsaward.org\/wp-content\/uploads\/2024\/11\/5-meet-the-laureates-2024-fr-150x150.png 150w, https:\/\/www.martinennalsaward.org\/wp-content\/uploads\/2024\/11\/5-meet-the-laureates-2024-fr-768x768.png 768w, https:\/\/www.martinennalsaward.org\/wp-content\/uploads\/2024\/11\/5-meet-the-laureates-2024-fr-330x330.png 330w, https:\/\/www.martinennalsaward.org\/wp-content\/uploads\/2024\/11\/5-meet-the-laureates-2024-fr-530x530.png 530w, https:\/\/www.martinennalsaward.org\/wp-content\/uploads\/2024\/11\/5-meet-the-laureates-2024-fr.png 1080w\" data-sizes=\"(max-width: 300px) 100vw, 300px\" src=\"data:image\/gif;base64,R0lGODlhAQABAAAAACH5BAEKAAEALAAAAAABAAEAAAICTAEAOw==\" style=\"--smush-placeholder-width: 300px; --smush-placeholder-aspect-ratio: 300\/300;\" \/><noscript><img loading=\"lazy\" decoding=\"async\" width=\"300\" height=\"300\" src=\"https:\/\/www.martinennalsaward.org\/wp-content\/uploads\/2024\/11\/5-meet-the-laureates-2024-fr-300x300.png\" class=\"attachment-medium size-medium wp-image-11008\" alt=\"\" srcset=\"https:\/\/www.martinennalsaward.org\/wp-content\/uploads\/2024\/11\/5-meet-the-laureates-2024-fr-300x300.png 300w, https:\/\/www.martinennalsaward.org\/wp-content\/uploads\/2024\/11\/5-meet-the-laureates-2024-fr-1024x1024.png 1024w, https:\/\/www.martinennalsaward.org\/wp-content\/uploads\/2024\/11\/5-meet-the-laureates-2024-fr-150x150.png 150w, https:\/\/www.martinennalsaward.org\/wp-content\/uploads\/2024\/11\/5-meet-the-laureates-2024-fr-768x768.png 768w, https:\/\/www.martinennalsaward.org\/wp-content\/uploads\/2024\/11\/5-meet-the-laureates-2024-fr-330x330.png 330w, https:\/\/www.martinennalsaward.org\/wp-content\/uploads\/2024\/11\/5-meet-the-laureates-2024-fr-530x530.png 530w, https:\/\/www.martinennalsaward.org\/wp-content\/uploads\/2024\/11\/5-meet-the-laureates-2024-fr.png 1080w\" sizes=\"(max-width: 300px) 100vw, 300px\" \/><\/noscript><\/div>\n\t\t<\/a>\n\t\t\t\t<div class=\"elementor-post__text\">\n\t\t\t\t<h3 class=\"elementor-post__title\">\n\t\t\t<a href=\"https:\/\/www.martinennalsaward.org\/fr\/laureates-2024\/\" >\n\t\t\t\tRencontrez les Laur\u00e9ats du Prix Martin Ennals 2024\t\t\t<\/a>\n\t\t<\/h3>\n\t\t\t\t<div class=\"elementor-post__meta-data\">\n\t\t\t\t\t<span class=\"elementor-post-date\">\n\t\t\tnovembre 19, 2024\t\t<\/span>\n\t\t\t\t<\/div>\n\t\t\t\t<\/div>\n\t\t\t\t<\/article>\n\t\t\t\t<\/div>\n\t\t\n\t\t\t\t<\/div>\n\t\t\t\t<\/div>\n\t\t\t\t\t<\/div>\n\t\t<\/div>\n\t\t\t\t\t<\/div>\n\t\t<\/section>\n\t\t\t\t<\/div>\n\t\t","protected":false},"excerpt":{"rendered":"<p>Programmes Depuis 1992, la Fondation Martin Ennals a pour mission d&rsquo;assurer la visibilit\u00e9 et la protection des d\u00e9fenseur-euse-s des droits humains en danger, notamment par<\/p>\n","protected":false},"author":11,"featured_media":0,"parent":0,"menu_order":0,"comment_status":"closed","ping_status":"closed","template":"","meta":{"_acf_changed":false,"footnotes":""},"class_list":["post-3817","page","type-page","status-publish","hentry"],"acf":[],"yoast_head":"<!-- This site is optimized with the Yoast SEO plugin v24.1 - https:\/\/yoast.com\/wordpress\/plugins\/seo\/ -->\n<title>Programs - Martin Ennals Award<\/title>\n<meta name=\"robots\" content=\"index, follow, max-snippet:-1, max-image-preview:large, max-video-preview:-1\" \/>\n<link rel=\"canonical\" href=\"https:\/\/www.martinennalsaward.org\/fr\/programs\/\" \/>\n<meta property=\"og:locale\" content=\"fr_FR\" \/>\n<meta property=\"og:type\" content=\"article\" \/>\n<meta property=\"og:title\" content=\"Programs - Martin Ennals Award\" \/>\n<meta property=\"og:description\" content=\"Programmes Depuis 1992, la Fondation Martin Ennals a pour mission d&rsquo;assurer la visibilit\u00e9 et la protection des d\u00e9fenseur-euse-s des droits humains en danger, notamment par\" \/>\n<meta property=\"og:url\" content=\"https:\/\/www.martinennalsaward.org\/fr\/programs\/\" \/>\n<meta property=\"og:site_name\" content=\"Martin Ennals Award\" \/>\n<meta property=\"article:modified_time\" content=\"2021-09-01T14:21:36+00:00\" \/>\n<meta name=\"twitter:card\" content=\"summary_large_image\" \/>\n<meta name=\"twitter:label1\" content=\"Dur\u00e9e de lecture estim\u00e9e\" \/>\n\t<meta name=\"twitter:data1\" content=\"3 minutes\" \/>\n<script type=\"application\/ld+json\" class=\"yoast-schema-graph\">{\"@context\":\"https:\/\/schema.org\",\"@graph\":[{\"@type\":\"WebPage\",\"@id\":\"https:\/\/www.martinennalsaward.org\/fr\/programs\/\",\"url\":\"https:\/\/www.martinennalsaward.org\/fr\/programs\/\",\"name\":\"Programs - Martin Ennals Award\",\"isPartOf\":{\"@id\":\"https:\/\/www.martinennalsaward.org\/#website\"},\"datePublished\":\"2020-11-20T18:16:05+00:00\",\"dateModified\":\"2021-09-01T14:21:36+00:00\",\"breadcrumb\":{\"@id\":\"https:\/\/www.martinennalsaward.org\/fr\/programs\/#breadcrumb\"},\"inLanguage\":\"fr-FR\",\"potentialAction\":[{\"@type\":\"ReadAction\",\"target\":[\"https:\/\/www.martinennalsaward.org\/fr\/programs\/\"]}]},{\"@type\":\"BreadcrumbList\",\"@id\":\"https:\/\/www.martinennalsaward.org\/fr\/programs\/#breadcrumb\",\"itemListElement\":[{\"@type\":\"ListItem\",\"position\":1,\"name\":\"Home\",\"item\":\"https:\/\/www.martinennalsaward.org\/\"},{\"@type\":\"ListItem\",\"position\":2,\"name\":\"Programs\"}]},{\"@type\":\"WebSite\",\"@id\":\"https:\/\/www.martinennalsaward.org\/#website\",\"url\":\"https:\/\/www.martinennalsaward.org\/\",\"name\":\"Martin Ennals Award\",\"description\":\"For Human Rights Defenders\",\"potentialAction\":[{\"@type\":\"SearchAction\",\"target\":{\"@type\":\"EntryPoint\",\"urlTemplate\":\"https:\/\/www.martinennalsaward.org\/?s={search_term_string}\"},\"query-input\":{\"@type\":\"PropertyValueSpecification\",\"valueRequired\":true,\"valueName\":\"search_term_string\"}}],\"inLanguage\":\"fr-FR\"}]}<\/script>\n<!-- \/ Yoast SEO plugin. -->","yoast_head_json":{"title":"Programs - Martin Ennals Award","robots":{"index":"index","follow":"follow","max-snippet":"max-snippet:-1","max-image-preview":"max-image-preview:large","max-video-preview":"max-video-preview:-1"},"canonical":"https:\/\/www.martinennalsaward.org\/fr\/programs\/","og_locale":"fr_FR","og_type":"article","og_title":"Programs - Martin Ennals Award","og_description":"Programmes Depuis 1992, la Fondation Martin Ennals a pour mission d&rsquo;assurer la visibilit\u00e9 et la protection des d\u00e9fenseur-euse-s des droits humains en danger, notamment par","og_url":"https:\/\/www.martinennalsaward.org\/fr\/programs\/","og_site_name":"Martin Ennals Award","article_modified_time":"2021-09-01T14:21:36+00:00","twitter_card":"summary_large_image","twitter_misc":{"Dur\u00e9e de lecture estim\u00e9e":"3 minutes"},"schema":{"@context":"https:\/\/schema.org","@graph":[{"@type":"WebPage","@id":"https:\/\/www.martinennalsaward.org\/fr\/programs\/","url":"https:\/\/www.martinennalsaward.org\/fr\/programs\/","name":"Programs - Martin Ennals Award","isPartOf":{"@id":"https:\/\/www.martinennalsaward.org\/#website"},"datePublished":"2020-11-20T18:16:05+00:00","dateModified":"2021-09-01T14:21:36+00:00","breadcrumb":{"@id":"https:\/\/www.martinennalsaward.org\/fr\/programs\/#breadcrumb"},"inLanguage":"fr-FR","potentialAction":[{"@type":"ReadAction","target":["https:\/\/www.martinennalsaward.org\/fr\/programs\/"]}]},{"@type":"BreadcrumbList","@id":"https:\/\/www.martinennalsaward.org\/fr\/programs\/#breadcrumb","itemListElement":[{"@type":"ListItem","position":1,"name":"Home","item":"https:\/\/www.martinennalsaward.org\/"},{"@type":"ListItem","position":2,"name":"Programs"}]},{"@type":"WebSite","@id":"https:\/\/www.martinennalsaward.org\/#website","url":"https:\/\/www.martinennalsaward.org\/","name":"Martin Ennals Award","description":"For Human Rights Defenders","potentialAction":[{"@type":"SearchAction","target":{"@type":"EntryPoint","urlTemplate":"https:\/\/www.martinennalsaward.org\/?s={search_term_string}"},"query-input":{"@type":"PropertyValueSpecification","valueRequired":true,"valueName":"search_term_string"}}],"inLanguage":"fr-FR"}]}},"_links":{"self":[{"href":"https:\/\/www.martinennalsaward.org\/fr\/wp-json\/wp\/v2\/pages\/3817"}],"collection":[{"href":"https:\/\/www.martinennalsaward.org\/fr\/wp-json\/wp\/v2\/pages"}],"about":[{"href":"https:\/\/www.martinennalsaward.org\/fr\/wp-json\/wp\/v2\/types\/page"}],"author":[{"embeddable":true,"href":"https:\/\/www.martinennalsaward.org\/fr\/wp-json\/wp\/v2\/users\/11"}],"replies":[{"embeddable":true,"href":"https:\/\/www.martinennalsaward.org\/fr\/wp-json\/wp\/v2\/comments?post=3817"}],"version-history":[{"count":0,"href":"https:\/\/www.martinennalsaward.org\/fr\/wp-json\/wp\/v2\/pages\/3817\/revisions"}],"wp:attachment":[{"href":"https:\/\/www.martinennalsaward.org\/fr\/wp-json\/wp\/v2\/media?parent=3817"}],"curies":[{"name":"wp","href":"https:\/\/api.w.org\/{rel}","templated":true}]}}