{"id":2358,"date":"2019-11-22T11:18:33","date_gmt":"2019-11-22T10:18:33","guid":{"rendered":"https:\/\/www.martinennalsaward.org\/?page_id=2358"},"modified":"2023-01-16T21:54:09","modified_gmt":"2023-01-16T20:54:09","slug":"martin-ennals-ceremonie-2022","status":"publish","type":"page","link":"https:\/\/www.martinennalsaward.org\/fr\/martin-ennals-ceremonie-2022\/","title":{"rendered":"Participer \u00e0 la c\u00e9r\u00e9monie 2022"},"content":{"rendered":"\t\t<div data-elementor-type=\"wp-page\" data-elementor-id=\"2358\" class=\"elementor elementor-2358 elementor-2227\" data-elementor-post-type=\"page\">\n\t\t\t\t\t\t<section class=\"elementor-section elementor-top-section elementor-element elementor-element-bce9e46 elementor-section-boxed elementor-section-height-default elementor-section-height-default\" data-id=\"bce9e46\" data-element_type=\"section\">\n\t\t\t\t\t\t<div class=\"elementor-container elementor-column-gap-default\">\n\t\t\t\t\t<div class=\"elementor-column elementor-col-100 elementor-top-column elementor-element elementor-element-bdef900\" data-id=\"bdef900\" data-element_type=\"column\">\n\t\t\t<div class=\"elementor-widget-wrap elementor-element-populated\">\n\t\t\t\t\t\t<div class=\"elementor-element elementor-element-a2958f7 elementor-widget elementor-widget-heading\" data-id=\"a2958f7\" data-element_type=\"widget\" data-widget_type=\"heading.default\">\n\t\t\t\t<div class=\"elementor-widget-container\">\n\t\t\t<h1 class=\"elementor-heading-title elementor-size-default\">S'inscrire \u00e0 la remise dE prix 2022<\/h1>\t\t<\/div>\n\t\t\t\t<\/div>\n\t\t\t\t<div class=\"elementor-element elementor-element-9159db0 elementor-widget elementor-widget-text-editor\" data-id=\"9159db0\" data-element_type=\"widget\" data-widget_type=\"text-editor.default\">\n\t\t\t\t<div class=\"elementor-widget-container\">\n\t\t\t\t\t\t\t<p>Rejoignez-nous pour c\u00e9l\u00e9brer les laur\u00e9at\u00b7e\u00b7s 2022 \u00e0 l&rsquo;occasion de la C\u00e9r\u00e9monie de Remise du Prix,<br \/>le <strong>jeudi 2 juin, 18h00<br \/><\/strong>\u00e0 la <a href=\"https:\/\/www.google.com\/maps\/place\/Salle+communale+de+Plainpalais\/@46.1939278,6.1432556,15z\/data=!4m5!3m4!1s0x0:0xaf29301c3c9ab7f1!8m2!3d46.1939483!4d6.1435225\" target=\"_blank\" rel=\"noopener\">Salle Communale de Plainpalais (Rue de Carouge 52, 1205 Gen\u00e8ve)<\/a>.<\/p>\t\t\t\t\t\t<\/div>\n\t\t\t\t<\/div>\n\t\t\t\t<div class=\"elementor-element elementor-element-4b6a5ad elementor-hidden-desktop elementor-hidden-tablet elementor-hidden-mobile elementor-widget elementor-widget-html\" data-id=\"4b6a5ad\" data-element_type=\"widget\" data-widget_type=\"html.default\">\n\t\t\t\t<div class=\"elementor-widget-container\">\n\t\t\t<a title=\"Add to Calendar\" class=\"addeventatc\" data-id=\"jk13517844\" href=\"https:\/\/www.addevent.com\/event\/jk13517844\" target=\"_blank\" rel=\"nofollow\">Add to Calendar<\/a>\n\t<script type=\"text\/javascript\" src=\"https:\/\/cdn.addevent.com\/libs\/atc\/1.6.1\/atc.min.js\" async defer><\/script>\t\t<\/div>\n\t\t\t\t<\/div>\n\t\t\t\t<div class=\"elementor-element elementor-element-fe5fd43 eael-gravity-form-button-custom elementor-widget elementor-widget-eael-gravity-form\" data-id=\"fe5fd43\" data-element_type=\"widget\" data-widget_type=\"eael-gravity-form.default\">\n\t\t\t\t<div class=\"elementor-widget-container\">\n\t\t\t            <div class=\"eael-contact-form eael-gravity-form eael-custom-radio-checkbox eael-contact-form-align-center\">\n                                            <\/div>\n            \t\t<\/div>\n\t\t\t\t<\/div>\n\t\t\t\t\t<\/div>\n\t\t<\/div>\n\t\t\t\t\t<\/div>\n\t\t<\/section>\n\t\t\t\t<\/div>\n\t\t","protected":false},"excerpt":{"rendered":"<p>S&rsquo;inscrire \u00e0 la remise dE prix 2022 Rejoignez-nous pour c\u00e9l\u00e9brer les laur\u00e9at\u00b7e\u00b7s 2022 \u00e0 l&rsquo;occasion de la C\u00e9r\u00e9monie de Remise du Prix,le jeudi 2 juin, 18h00\u00e0 la Salle Communale de Plainpalais (Rue de Carouge 52, 1205 Gen\u00e8ve). Add to Calendar<\/p>\n","protected":false},"author":11,"featured_media":0,"parent":0,"menu_order":6,"comment_status":"closed","ping_status":"closed","template":"","meta":{"_acf_changed":false,"footnotes":""},"class_list":["post-2358","page","type-page","status-publish","hentry"],"acf":[],"yoast_head":"<!-- This site is optimized with the Yoast SEO plugin v24.1 - https:\/\/yoast.com\/wordpress\/plugins\/seo\/ -->\n<title>Participer \u00e0 la c\u00e9r\u00e9monie 2022 - Martin Ennals Award Prix Martin Ennals<\/title>\n<meta name=\"description\" content=\"Participez \u00e0 la c\u00e9r\u00e9monie de remise de Prix Martin Ennals 2020 afin de promouvoir les droits humains ensemble\" \/>\n<meta name=\"robots\" content=\"index, follow, max-snippet:-1, max-image-preview:large, max-video-preview:-1\" \/>\n<link rel=\"canonical\" href=\"https:\/\/www.martinennalsaward.org\/fr\/martin-ennals-ceremonie-2022\/\" \/>\n<meta property=\"og:locale\" content=\"fr_FR\" \/>\n<meta property=\"og:type\" content=\"article\" \/>\n<meta property=\"og:title\" content=\"Participer \u00e0 la c\u00e9r\u00e9monie 2022 - Martin Ennals Award Prix Martin Ennals\" \/>\n<meta property=\"og:description\" content=\"Participez \u00e0 la c\u00e9r\u00e9monie de remise de Prix Martin Ennals 2020 afin de promouvoir les droits humains ensemble\" \/>\n<meta property=\"og:url\" content=\"https:\/\/www.martinennalsaward.org\/fr\/martin-ennals-ceremonie-2022\/\" \/>\n<meta property=\"og:site_name\" content=\"Martin Ennals Award\" \/>\n<meta property=\"article:modified_time\" content=\"2023-01-16T20:54:09+00:00\" \/>\n<meta name=\"twitter:card\" content=\"summary_large_image\" \/>\n<meta name=\"twitter:label1\" content=\"Dur\u00e9e de lecture estim\u00e9e\" \/>\n\t<meta name=\"twitter:data1\" content=\"1 minute\" \/>\n<script type=\"application\/ld+json\" class=\"yoast-schema-graph\">{\"@context\":\"https:\/\/schema.org\",\"@graph\":[{\"@type\":\"WebPage\",\"@id\":\"https:\/\/www.martinennalsaward.org\/fr\/martin-ennals-ceremonie-2022\/\",\"url\":\"https:\/\/www.martinennalsaward.org\/fr\/martin-ennals-ceremonie-2022\/\",\"name\":\"Participer \u00e0 la c\u00e9r\u00e9monie 2022 - Martin Ennals Award Prix Martin Ennals\",\"isPartOf\":{\"@id\":\"https:\/\/www.martinennalsaward.org\/#website\"},\"datePublished\":\"2019-11-22T10:18:33+00:00\",\"dateModified\":\"2023-01-16T20:54:09+00:00\",\"description\":\"Participez \u00e0 la c\u00e9r\u00e9monie de remise de Prix Martin Ennals 2020 afin de promouvoir les droits humains ensemble\",\"breadcrumb\":{\"@id\":\"https:\/\/www.martinennalsaward.org\/fr\/martin-ennals-ceremonie-2022\/#breadcrumb\"},\"inLanguage\":\"fr-FR\",\"potentialAction\":[{\"@type\":\"ReadAction\",\"target\":[\"https:\/\/www.martinennalsaward.org\/fr\/martin-ennals-ceremonie-2022\/\"]}]},{\"@type\":\"BreadcrumbList\",\"@id\":\"https:\/\/www.martinennalsaward.org\/fr\/martin-ennals-ceremonie-2022\/#breadcrumb\",\"itemListElement\":[{\"@type\":\"ListItem\",\"position\":1,\"name\":\"Home\",\"item\":\"https:\/\/www.martinennalsaward.org\/\"},{\"@type\":\"ListItem\",\"position\":2,\"name\":\"Participer \u00e0 la c\u00e9r\u00e9monie 2022\"}]},{\"@type\":\"WebSite\",\"@id\":\"https:\/\/www.martinennalsaward.org\/#website\",\"url\":\"https:\/\/www.martinennalsaward.org\/\",\"name\":\"Martin Ennals Award\",\"description\":\"For Human Rights Defenders\",\"potentialAction\":[{\"@type\":\"SearchAction\",\"target\":{\"@type\":\"EntryPoint\",\"urlTemplate\":\"https:\/\/www.martinennalsaward.org\/?s={search_term_string}\"},\"query-input\":{\"@type\":\"PropertyValueSpecification\",\"valueRequired\":true,\"valueName\":\"search_term_string\"}}],\"inLanguage\":\"fr-FR\"}]}<\/script>\n<!-- \/ Yoast SEO plugin. -->","yoast_head_json":{"title":"Participer \u00e0 la c\u00e9r\u00e9monie 2022 - Martin Ennals Award Prix Martin Ennals","description":"Participez \u00e0 la c\u00e9r\u00e9monie de remise de Prix Martin Ennals 2020 afin de promouvoir les droits humains ensemble","robots":{"index":"index","follow":"follow","max-snippet":"max-snippet:-1","max-image-preview":"max-image-preview:large","max-video-preview":"max-video-preview:-1"},"canonical":"https:\/\/www.martinennalsaward.org\/fr\/martin-ennals-ceremonie-2022\/","og_locale":"fr_FR","og_type":"article","og_title":"Participer \u00e0 la c\u00e9r\u00e9monie 2022 - Martin Ennals Award Prix Martin Ennals","og_description":"Participez \u00e0 la c\u00e9r\u00e9monie de remise de Prix Martin Ennals 2020 afin de promouvoir les droits humains ensemble","og_url":"https:\/\/www.martinennalsaward.org\/fr\/martin-ennals-ceremonie-2022\/","og_site_name":"Martin Ennals Award","article_modified_time":"2023-01-16T20:54:09+00:00","twitter_card":"summary_large_image","twitter_misc":{"Dur\u00e9e de lecture estim\u00e9e":"1 minute"},"schema":{"@context":"https:\/\/schema.org","@graph":[{"@type":"WebPage","@id":"https:\/\/www.martinennalsaward.org\/fr\/martin-ennals-ceremonie-2022\/","url":"https:\/\/www.martinennalsaward.org\/fr\/martin-ennals-ceremonie-2022\/","name":"Participer \u00e0 la c\u00e9r\u00e9monie 2022 - Martin Ennals Award Prix Martin Ennals","isPartOf":{"@id":"https:\/\/www.martinennalsaward.org\/#website"},"datePublished":"2019-11-22T10:18:33+00:00","dateModified":"2023-01-16T20:54:09+00:00","description":"Participez \u00e0 la c\u00e9r\u00e9monie de remise de Prix Martin Ennals 2020 afin de promouvoir les droits humains ensemble","breadcrumb":{"@id":"https:\/\/www.martinennalsaward.org\/fr\/martin-ennals-ceremonie-2022\/#breadcrumb"},"inLanguage":"fr-FR","potentialAction":[{"@type":"ReadAction","target":["https:\/\/www.martinennalsaward.org\/fr\/martin-ennals-ceremonie-2022\/"]}]},{"@type":"BreadcrumbList","@id":"https:\/\/www.martinennalsaward.org\/fr\/martin-ennals-ceremonie-2022\/#breadcrumb","itemListElement":[{"@type":"ListItem","position":1,"name":"Home","item":"https:\/\/www.martinennalsaward.org\/"},{"@type":"ListItem","position":2,"name":"Participer \u00e0 la c\u00e9r\u00e9monie 2022"}]},{"@type":"WebSite","@id":"https:\/\/www.martinennalsaward.org\/#website","url":"https:\/\/www.martinennalsaward.org\/","name":"Martin Ennals Award","description":"For Human Rights Defenders","potentialAction":[{"@type":"SearchAction","target":{"@type":"EntryPoint","urlTemplate":"https:\/\/www.martinennalsaward.org\/?s={search_term_string}"},"query-input":{"@type":"PropertyValueSpecification","valueRequired":true,"valueName":"search_term_string"}}],"inLanguage":"fr-FR"}]}},"_links":{"self":[{"href":"https:\/\/www.martinennalsaward.org\/fr\/wp-json\/wp\/v2\/pages\/2358"}],"collection":[{"href":"https:\/\/www.martinennalsaward.org\/fr\/wp-json\/wp\/v2\/pages"}],"about":[{"href":"https:\/\/www.martinennalsaward.org\/fr\/wp-json\/wp\/v2\/types\/page"}],"author":[{"embeddable":true,"href":"https:\/\/www.martinennalsaward.org\/fr\/wp-json\/wp\/v2\/users\/11"}],"replies":[{"embeddable":true,"href":"https:\/\/www.martinennalsaward.org\/fr\/wp-json\/wp\/v2\/comments?post=2358"}],"version-history":[{"count":0,"href":"https:\/\/www.martinennalsaward.org\/fr\/wp-json\/wp\/v2\/pages\/2358\/revisions"}],"wp:attachment":[{"href":"https:\/\/www.martinennalsaward.org\/fr\/wp-json\/wp\/v2\/media?parent=2358"}],"curies":[{"name":"wp","href":"https:\/\/api.w.org\/{rel}","templated":true}]}}