{"id":2255,"date":"2019-11-21T15:49:38","date_gmt":"2019-11-21T14:49:38","guid":{"rendered":"https:\/\/www.martinennalsaward.org\/?page_id=2255&#038;lang=fr"},"modified":"2025-08-18T16:53:53","modified_gmt":"2025-08-18T14:53:53","slug":"fondation-martin-ennals-contact","status":"publish","type":"page","link":"https:\/\/www.martinennalsaward.org\/fr\/fondation-martin-ennals-contact\/","title":{"rendered":"Contact"},"content":{"rendered":"\t\t<div data-elementor-type=\"wp-page\" data-elementor-id=\"2255\" class=\"elementor elementor-2255 elementor-2114\" data-elementor-post-type=\"page\">\n\t\t\t\t\t\t<section class=\"elementor-section elementor-top-section elementor-element elementor-element-3463daf elementor-section-boxed elementor-section-height-default elementor-section-height-default\" data-id=\"3463daf\" data-element_type=\"section\">\n\t\t\t\t\t\t<div class=\"elementor-container elementor-column-gap-default\">\n\t\t\t\t\t<div class=\"elementor-column elementor-col-100 elementor-top-column elementor-element elementor-element-081fdbb\" data-id=\"081fdbb\" data-element_type=\"column\">\n\t\t\t<div class=\"elementor-widget-wrap elementor-element-populated\">\n\t\t\t\t\t\t<div class=\"elementor-element elementor-element-f9c9578 elementor-widget elementor-widget-heading\" data-id=\"f9c9578\" data-element_type=\"widget\" data-widget_type=\"heading.default\">\n\t\t\t\t<div class=\"elementor-widget-container\">\n\t\t\t<h1 class=\"elementor-heading-title elementor-size-default\">THE MARTIN ENNALS <br>\nFOUNDATION<\/h1>\t\t<\/div>\n\t\t\t\t<\/div>\n\t\t\t\t<div class=\"elementor-element elementor-element-200843a elementor-widget elementor-widget-text-editor\" data-id=\"200843a\" data-element_type=\"widget\" data-widget_type=\"text-editor.default\">\n\t\t\t\t<div class=\"elementor-widget-container\">\n\t\t\t\t\t\t\t<p><span style=\"font-size: inherit;\">\u00a0<\/span><\/p><p><span style=\"font-size: inherit;\">1, rue de Varemb\u00e9\u00a0<\/span><\/p><p><span style=\"font-size: inherit;\">1201 Gen\u00e8ve<\/span><\/p><p>Suisse<\/p><p>info@martinennalsaward.org<br \/><br \/><\/p>\t\t\t\t\t\t<\/div>\n\t\t\t\t<\/div>\n\t\t\t\t\t<\/div>\n\t\t<\/div>\n\t\t\t\t\t<\/div>\n\t\t<\/section>\n\t\t\t\t<section class=\"elementor-section elementor-top-section elementor-element elementor-element-46bd78f elementor-section-full_width elementor-section-height-default elementor-section-height-default\" data-id=\"46bd78f\" data-element_type=\"section\">\n\t\t\t\t\t\t<div class=\"elementor-container elementor-column-gap-default\">\n\t\t\t\t\t<div class=\"elementor-column elementor-col-100 elementor-top-column elementor-element elementor-element-f50ad4e\" data-id=\"f50ad4e\" data-element_type=\"column\">\n\t\t\t<div class=\"elementor-widget-wrap elementor-element-populated\">\n\t\t\t\t\t\t<div class=\"elementor-element elementor-element-e39654a elementor-widget elementor-widget-google_maps\" data-id=\"e39654a\" data-element_type=\"widget\" data-widget_type=\"google_maps.default\">\n\t\t\t\t<div class=\"elementor-widget-container\">\n\t\t\t\t\t<div class=\"elementor-custom-embed\">\n\t\t\t<iframe loading=\"lazy\"\n\t\t\t\t\tdata-src=\"https:\/\/maps.google.com\/maps?q=1%20rue%20de%20Varemb%C3%A9%2C%201201%20Geneva%2C%20Switzerland&#038;t=m&#038;z=12&#038;output=embed&#038;iwloc=near\"\n\t\t\t\t\ttitle=\"1 rue de Varemb\u00e9, 1201 Geneva, Switzerland\"\n\t\t\t\t\taria-label=\"1 rue de Varemb\u00e9, 1201 Geneva, Switzerland\"\n\t\t\t src=\"data:image\/gif;base64,R0lGODlhAQABAAAAACH5BAEKAAEALAAAAAABAAEAAAICTAEAOw==\" class=\"lazyload\" data-load-mode=\"1\"><\/iframe>\n\t\t<\/div>\n\t\t\t\t<\/div>\n\t\t\t\t<\/div>\n\t\t\t\t\t<\/div>\n\t\t<\/div>\n\t\t\t\t\t<\/div>\n\t\t<\/section>\n\t\t\t\t<\/div>\n\t\t","protected":false},"excerpt":{"rendered":"<p>THE MARTIN ENNALS FOUNDATION \u00a0 1, rue de Varemb\u00e9\u00a0 1201 Gen\u00e8ve Suisse info@martinennalsaward.org<\/p>\n","protected":false},"author":11,"featured_media":0,"parent":0,"menu_order":22,"comment_status":"closed","ping_status":"closed","template":"elementor_header_footer","meta":{"_acf_changed":false,"footnotes":""},"class_list":["post-2255","page","type-page","status-publish","hentry"],"acf":[],"yoast_head":"<!-- This site is optimized with the Yoast SEO plugin v24.1 - https:\/\/yoast.com\/wordpress\/plugins\/seo\/ -->\n<title>Contact - Martin Ennals Award Fondation Martin Ennals contact<\/title>\n<meta name=\"description\" content=\"Contactez la Fondation Martin Ennals par t\u00e9l\u00e9phone, par e-mail ou par courrier. Nous nous ferrons un plaisir de vous r\u00e9pondre.\" \/>\n<meta name=\"robots\" content=\"index, follow, max-snippet:-1, max-image-preview:large, max-video-preview:-1\" \/>\n<link rel=\"canonical\" href=\"https:\/\/www.martinennalsaward.org\/fr\/fondation-martin-ennals-contact\/\" \/>\n<meta property=\"og:locale\" content=\"fr_FR\" \/>\n<meta property=\"og:type\" content=\"article\" \/>\n<meta property=\"og:title\" content=\"Contact - Martin Ennals Award Fondation Martin Ennals contact\" \/>\n<meta property=\"og:description\" content=\"Contactez la Fondation Martin Ennals par t\u00e9l\u00e9phone, par e-mail ou par courrier. Nous nous ferrons un plaisir de vous r\u00e9pondre.\" \/>\n<meta property=\"og:url\" content=\"https:\/\/www.martinennalsaward.org\/fr\/fondation-martin-ennals-contact\/\" \/>\n<meta property=\"og:site_name\" content=\"Martin Ennals Award\" \/>\n<meta property=\"article:modified_time\" content=\"2025-08-18T14:53:53+00:00\" \/>\n<meta name=\"twitter:card\" content=\"summary_large_image\" \/>\n<meta name=\"twitter:label1\" content=\"Dur\u00e9e de lecture estim\u00e9e\" \/>\n\t<meta name=\"twitter:data1\" content=\"1 minute\" \/>\n<script type=\"application\/ld+json\" class=\"yoast-schema-graph\">{\"@context\":\"https:\/\/schema.org\",\"@graph\":[{\"@type\":\"WebPage\",\"@id\":\"https:\/\/www.martinennalsaward.org\/fr\/fondation-martin-ennals-contact\/\",\"url\":\"https:\/\/www.martinennalsaward.org\/fr\/fondation-martin-ennals-contact\/\",\"name\":\"Contact - Martin Ennals Award Fondation Martin Ennals contact\",\"isPartOf\":{\"@id\":\"https:\/\/www.martinennalsaward.org\/#website\"},\"datePublished\":\"2019-11-21T14:49:38+00:00\",\"dateModified\":\"2025-08-18T14:53:53+00:00\",\"description\":\"Contactez la Fondation Martin Ennals par t\u00e9l\u00e9phone, par e-mail ou par courrier. Nous nous ferrons un plaisir de vous r\u00e9pondre.\",\"breadcrumb\":{\"@id\":\"https:\/\/www.martinennalsaward.org\/fr\/fondation-martin-ennals-contact\/#breadcrumb\"},\"inLanguage\":\"fr-FR\",\"potentialAction\":[{\"@type\":\"ReadAction\",\"target\":[\"https:\/\/www.martinennalsaward.org\/fr\/fondation-martin-ennals-contact\/\"]}]},{\"@type\":\"BreadcrumbList\",\"@id\":\"https:\/\/www.martinennalsaward.org\/fr\/fondation-martin-ennals-contact\/#breadcrumb\",\"itemListElement\":[{\"@type\":\"ListItem\",\"position\":1,\"name\":\"Home\",\"item\":\"https:\/\/www.martinennalsaward.org\/\"},{\"@type\":\"ListItem\",\"position\":2,\"name\":\"Contact\"}]},{\"@type\":\"WebSite\",\"@id\":\"https:\/\/www.martinennalsaward.org\/#website\",\"url\":\"https:\/\/www.martinennalsaward.org\/\",\"name\":\"Martin Ennals Award\",\"description\":\"For Human Rights Defenders\",\"potentialAction\":[{\"@type\":\"SearchAction\",\"target\":{\"@type\":\"EntryPoint\",\"urlTemplate\":\"https:\/\/www.martinennalsaward.org\/?s={search_term_string}\"},\"query-input\":{\"@type\":\"PropertyValueSpecification\",\"valueRequired\":true,\"valueName\":\"search_term_string\"}}],\"inLanguage\":\"fr-FR\"}]}<\/script>\n<!-- \/ Yoast SEO plugin. -->","yoast_head_json":{"title":"Contact - Martin Ennals Award Fondation Martin Ennals contact","description":"Contactez la Fondation Martin Ennals par t\u00e9l\u00e9phone, par e-mail ou par courrier. Nous nous ferrons un plaisir de vous r\u00e9pondre.","robots":{"index":"index","follow":"follow","max-snippet":"max-snippet:-1","max-image-preview":"max-image-preview:large","max-video-preview":"max-video-preview:-1"},"canonical":"https:\/\/www.martinennalsaward.org\/fr\/fondation-martin-ennals-contact\/","og_locale":"fr_FR","og_type":"article","og_title":"Contact - Martin Ennals Award Fondation Martin Ennals contact","og_description":"Contactez la Fondation Martin Ennals par t\u00e9l\u00e9phone, par e-mail ou par courrier. Nous nous ferrons un plaisir de vous r\u00e9pondre.","og_url":"https:\/\/www.martinennalsaward.org\/fr\/fondation-martin-ennals-contact\/","og_site_name":"Martin Ennals Award","article_modified_time":"2025-08-18T14:53:53+00:00","twitter_card":"summary_large_image","twitter_misc":{"Dur\u00e9e de lecture estim\u00e9e":"1 minute"},"schema":{"@context":"https:\/\/schema.org","@graph":[{"@type":"WebPage","@id":"https:\/\/www.martinennalsaward.org\/fr\/fondation-martin-ennals-contact\/","url":"https:\/\/www.martinennalsaward.org\/fr\/fondation-martin-ennals-contact\/","name":"Contact - Martin Ennals Award Fondation Martin Ennals contact","isPartOf":{"@id":"https:\/\/www.martinennalsaward.org\/#website"},"datePublished":"2019-11-21T14:49:38+00:00","dateModified":"2025-08-18T14:53:53+00:00","description":"Contactez la Fondation Martin Ennals par t\u00e9l\u00e9phone, par e-mail ou par courrier. Nous nous ferrons un plaisir de vous r\u00e9pondre.","breadcrumb":{"@id":"https:\/\/www.martinennalsaward.org\/fr\/fondation-martin-ennals-contact\/#breadcrumb"},"inLanguage":"fr-FR","potentialAction":[{"@type":"ReadAction","target":["https:\/\/www.martinennalsaward.org\/fr\/fondation-martin-ennals-contact\/"]}]},{"@type":"BreadcrumbList","@id":"https:\/\/www.martinennalsaward.org\/fr\/fondation-martin-ennals-contact\/#breadcrumb","itemListElement":[{"@type":"ListItem","position":1,"name":"Home","item":"https:\/\/www.martinennalsaward.org\/"},{"@type":"ListItem","position":2,"name":"Contact"}]},{"@type":"WebSite","@id":"https:\/\/www.martinennalsaward.org\/#website","url":"https:\/\/www.martinennalsaward.org\/","name":"Martin Ennals Award","description":"For Human Rights Defenders","potentialAction":[{"@type":"SearchAction","target":{"@type":"EntryPoint","urlTemplate":"https:\/\/www.martinennalsaward.org\/?s={search_term_string}"},"query-input":{"@type":"PropertyValueSpecification","valueRequired":true,"valueName":"search_term_string"}}],"inLanguage":"fr-FR"}]}},"_links":{"self":[{"href":"https:\/\/www.martinennalsaward.org\/fr\/wp-json\/wp\/v2\/pages\/2255"}],"collection":[{"href":"https:\/\/www.martinennalsaward.org\/fr\/wp-json\/wp\/v2\/pages"}],"about":[{"href":"https:\/\/www.martinennalsaward.org\/fr\/wp-json\/wp\/v2\/types\/page"}],"author":[{"embeddable":true,"href":"https:\/\/www.martinennalsaward.org\/fr\/wp-json\/wp\/v2\/users\/11"}],"replies":[{"embeddable":true,"href":"https:\/\/www.martinennalsaward.org\/fr\/wp-json\/wp\/v2\/comments?post=2255"}],"version-history":[{"count":0,"href":"https:\/\/www.martinennalsaward.org\/fr\/wp-json\/wp\/v2\/pages\/2255\/revisions"}],"wp:attachment":[{"href":"https:\/\/www.martinennalsaward.org\/fr\/wp-json\/wp\/v2\/media?parent=2255"}],"curies":[{"name":"wp","href":"https:\/\/api.w.org\/{rel}","templated":true}]}}