{"id":10299,"date":"2024-08-26T21:25:56","date_gmt":"2024-08-26T19:25:56","guid":{"rendered":"https:\/\/www.martinennalsaward.org\/?page_id=10299"},"modified":"2026-02-13T11:35:53","modified_gmt":"2026-02-13T10:35:53","slug":"la-fondation","status":"publish","type":"page","link":"https:\/\/www.martinennalsaward.org\/fr\/la-fondation\/","title":{"rendered":"La Fondation"},"content":{"rendered":"\t\t<div data-elementor-type=\"wp-page\" data-elementor-id=\"10299\" class=\"elementor elementor-10299 elementor-10298\" data-elementor-post-type=\"page\">\n\t\t\t\t\t\t<section class=\"elementor-section elementor-top-section elementor-element elementor-element-8c2e7f6 elementor-section-boxed elementor-section-height-default elementor-section-height-default\" data-id=\"8c2e7f6\" data-element_type=\"section\">\n\t\t\t\t\t\t<div class=\"elementor-container elementor-column-gap-default\">\n\t\t\t\t\t<div class=\"elementor-column elementor-col-100 elementor-top-column elementor-element elementor-element-cabd831\" data-id=\"cabd831\" data-element_type=\"column\">\n\t\t\t<div class=\"elementor-widget-wrap elementor-element-populated\">\n\t\t\t\t\t\t<div class=\"elementor-element elementor-element-ce2d551 elementor-widget elementor-widget-heading\" data-id=\"ce2d551\" data-element_type=\"widget\" data-widget_type=\"heading.default\">\n\t\t\t\t<div class=\"elementor-widget-container\">\n\t\t\t<h1 class=\"elementor-heading-title elementor-size-default\">La Fondation Martin Ennals <\/h1>\t\t<\/div>\n\t\t\t\t<\/div>\n\t\t\t\t<div class=\"elementor-element elementor-element-5830acb elementor-widget elementor-widget-text-editor\" data-id=\"5830acb\" data-element_type=\"widget\" data-widget_type=\"text-editor.default\">\n\t\t\t\t<div class=\"elementor-widget-container\">\n\t\t\t\t\t\t\t<p>Le Prix Martin Ennals pour les d\u00e9fenseuses et d\u00e9fenseurs des droits humains honore les individus et organisations qui ont montr\u00e9 un engagement exceptionnel dans la d\u00e9fense et la promotion des droits humains, malgr\u00e9 les risques encourus. Il s&rsquo;efforce de leur fournir une protection n\u00e9cessaire, d&rsquo;\u00e9lever leur profil public et de rassembler du support \u00e0 l&rsquo;international pour leur travail. Le Prix est g\u00e9r\u00e9 par la Fondation Martin Ennals, bas\u00e9e \u00e0 Gen\u00e8ve (Suisse). Il y a actuellement plus de 60 d\u00e9fenseur-euse-s associ\u00e9-e-s au Prix Martin Ennals dans 34 pays. Dans le but d&rsquo;\u00e9largir son support aux d\u00e9fenseur-euse-s, la Fondation a lanc\u00e9 plusieurs programmes \u00e0 Gen\u00e8ve et au-del\u00e0.<\/p>\t\t\t\t\t\t<\/div>\n\t\t\t\t<\/div>\n\t\t\t\t\t<\/div>\n\t\t<\/div>\n\t\t\t\t\t<\/div>\n\t\t<\/section>\n\t\t\t\t<section class=\"elementor-section elementor-top-section elementor-element elementor-element-ca7ab75 elementor-section-boxed elementor-section-height-default elementor-section-height-default\" data-id=\"ca7ab75\" data-element_type=\"section\">\n\t\t\t\t\t\t<div class=\"elementor-container elementor-column-gap-default\">\n\t\t\t\t\t<div class=\"elementor-column elementor-col-100 elementor-top-column elementor-element elementor-element-a1023ef\" data-id=\"a1023ef\" data-element_type=\"column\">\n\t\t\t<div class=\"elementor-widget-wrap elementor-element-populated\">\n\t\t\t\t\t\t<div class=\"elementor-element elementor-element-43e8ec5 elementor-widget elementor-widget-heading\" data-id=\"43e8ec5\" data-element_type=\"widget\" data-widget_type=\"heading.default\">\n\t\t\t\t<div class=\"elementor-widget-container\">\n\t\t\t<h3 class=\"elementor-heading-title elementor-size-default\">QUI \u00c9TAIT MARTIN ENNALS?<\/h3>\t\t<\/div>\n\t\t\t\t<\/div>\n\t\t\t\t<div class=\"elementor-element elementor-element-d358d86 elementor-widget elementor-widget-text-editor\" data-id=\"d358d86\" data-element_type=\"widget\" data-widget_type=\"text-editor.default\">\n\t\t\t\t<div class=\"elementor-widget-container\">\n\t\t\t\t\t\t\t<p><strong>Martin Ennals<\/strong> \u00e9tait un activiste britannique de droits humain qui a servi en tant que Secr\u00e9taire G\u00e9n\u00e9ral d&rsquo;Amnesty International de 1968 \u00e0 1980. Il a co-fond\u00e9 les organisations de droits humains\u00a0<a href=\"https:\/\/www.article19.org\/\" target=\"_blank\" rel=\"noopener\">ARTICLE 19,<\/a>\u00a0<a href=\"https:\/\/www.international-alert.org\/\" target=\"_blank\" rel=\"noopener\">International Alert<\/a>\u00a0and <a href=\"https:\/\/www.huridocs.org\" target=\"_blank\" rel=\"noopener\">HURIDOCS<\/a>.<\/p>\t\t\t\t\t\t<\/div>\n\t\t\t\t<\/div>\n\t\t\t\t<div class=\"elementor-element elementor-element-0ffe1b3 elementor-widget elementor-widget-video\" data-id=\"0ffe1b3\" data-element_type=\"widget\" data-settings=\"{&quot;youtube_url&quot;:&quot;https:\\\/\\\/www.youtube.com\\\/watch?v=jC9yQTZJYbg&quot;,&quot;video_type&quot;:&quot;youtube&quot;,&quot;controls&quot;:&quot;yes&quot;}\" data-widget_type=\"video.default\">\n\t\t\t\t<div class=\"elementor-widget-container\">\n\t\t\t\t\t<div class=\"elementor-wrapper elementor-open-inline\">\n\t\t\t<div class=\"elementor-video\"><\/div>\t\t<\/div>\n\t\t\t\t<\/div>\n\t\t\t\t<\/div>\n\t\t\t\t\t<\/div>\n\t\t<\/div>\n\t\t\t\t\t<\/div>\n\t\t<\/section>\n\t\t\t\t<\/div>\n\t\t","protected":false},"excerpt":{"rendered":"<p>La Fondation Martin Ennals Le Prix Martin Ennals pour les d\u00e9fenseuses et d\u00e9fenseurs des droits humains honore les individus et organisations qui ont montr\u00e9 un engagement exceptionnel dans la d\u00e9fense et la promotion des droits humains, malgr\u00e9 les risques encourus. Il s&rsquo;efforce de leur fournir une protection n\u00e9cessaire, d&rsquo;\u00e9lever leur profil public et de rassembler<a class=\"read-more\" href=\"https:\/\/www.martinennalsaward.org\/fr\/la-fondation\/\">Read More&#8230;<\/a><\/p>\n","protected":false},"author":9,"featured_media":0,"parent":0,"menu_order":23,"comment_status":"closed","ping_status":"closed","template":"","meta":{"_acf_changed":false,"footnotes":""},"class_list":["post-10299","page","type-page","status-publish","hentry"],"acf":[],"yoast_head":"<!-- This site is optimized with the Yoast SEO plugin v24.1 - https:\/\/yoast.com\/wordpress\/plugins\/seo\/ -->\n<title>La Fondation - Martin Ennals Award La Fondation Martin Ennals<\/title>\n<meta name=\"description\" content=\"D\u00e9couvrez le travail de la Fondation Martin Ennals. Chaque ann\u00e9e, la Fondation Martin Ennals r\u00e9compense des d\u00e9fenseur-e-s des droits humains.\" \/>\n<meta name=\"robots\" content=\"index, follow, max-snippet:-1, max-image-preview:large, max-video-preview:-1\" \/>\n<link rel=\"canonical\" href=\"https:\/\/www.martinennalsaward.org\/about-us\/\" \/>\n<meta property=\"og:locale\" content=\"fr_FR\" \/>\n<meta property=\"og:type\" content=\"article\" \/>\n<meta property=\"og:title\" content=\"La Fondation - Martin Ennals Award La Fondation Martin Ennals\" \/>\n<meta property=\"og:description\" content=\"D\u00e9couvrez le travail de la Fondation Martin Ennals. Chaque ann\u00e9e, la Fondation Martin Ennals r\u00e9compense des d\u00e9fenseur-e-s des droits humains.\" \/>\n<meta property=\"og:url\" content=\"https:\/\/www.martinennalsaward.org\/about-us\/\" \/>\n<meta property=\"og:site_name\" content=\"Martin Ennals Award\" \/>\n<meta property=\"article:modified_time\" content=\"2026-02-13T10:35:53+00:00\" \/>\n<meta name=\"twitter:card\" content=\"summary_large_image\" \/>\n<meta name=\"twitter:label1\" content=\"Dur\u00e9e de lecture estim\u00e9e\" \/>\n\t<meta name=\"twitter:data1\" content=\"1 minute\" \/>\n<script type=\"application\/ld+json\" class=\"yoast-schema-graph\">{\"@context\":\"https:\/\/schema.org\",\"@graph\":[{\"@type\":\"WebPage\",\"@id\":\"https:\/\/www.martinennalsaward.org\/about-us\/\",\"url\":\"https:\/\/www.martinennalsaward.org\/about-us\/\",\"name\":\"La Fondation - Martin Ennals Award La Fondation Martin Ennals\",\"isPartOf\":{\"@id\":\"https:\/\/www.martinennalsaward.org\/#website\"},\"datePublished\":\"2024-08-26T19:25:56+00:00\",\"dateModified\":\"2026-02-13T10:35:53+00:00\",\"description\":\"D\u00e9couvrez le travail de la Fondation Martin Ennals. Chaque ann\u00e9e, la Fondation Martin Ennals r\u00e9compense des d\u00e9fenseur-e-s des droits humains.\",\"breadcrumb\":{\"@id\":\"https:\/\/www.martinennalsaward.org\/about-us\/#breadcrumb\"},\"inLanguage\":\"fr-FR\",\"potentialAction\":[{\"@type\":\"ReadAction\",\"target\":[\"https:\/\/www.martinennalsaward.org\/about-us\/\"]}]},{\"@type\":\"BreadcrumbList\",\"@id\":\"https:\/\/www.martinennalsaward.org\/about-us\/#breadcrumb\",\"itemListElement\":[{\"@type\":\"ListItem\",\"position\":1,\"name\":\"Home\",\"item\":\"https:\/\/www.martinennalsaward.org\/\"},{\"@type\":\"ListItem\",\"position\":2,\"name\":\"La Fondation\"}]},{\"@type\":\"WebSite\",\"@id\":\"https:\/\/www.martinennalsaward.org\/#website\",\"url\":\"https:\/\/www.martinennalsaward.org\/\",\"name\":\"Martin Ennals Award\",\"description\":\"For Human Rights Defenders\",\"potentialAction\":[{\"@type\":\"SearchAction\",\"target\":{\"@type\":\"EntryPoint\",\"urlTemplate\":\"https:\/\/www.martinennalsaward.org\/?s={search_term_string}\"},\"query-input\":{\"@type\":\"PropertyValueSpecification\",\"valueRequired\":true,\"valueName\":\"search_term_string\"}}],\"inLanguage\":\"fr-FR\"}]}<\/script>\n<!-- \/ Yoast SEO plugin. -->","yoast_head_json":{"title":"La Fondation - Martin Ennals Award La Fondation Martin Ennals","description":"D\u00e9couvrez le travail de la Fondation Martin Ennals. Chaque ann\u00e9e, la Fondation Martin Ennals r\u00e9compense des d\u00e9fenseur-e-s des droits humains.","robots":{"index":"index","follow":"follow","max-snippet":"max-snippet:-1","max-image-preview":"max-image-preview:large","max-video-preview":"max-video-preview:-1"},"canonical":"https:\/\/www.martinennalsaward.org\/about-us\/","og_locale":"fr_FR","og_type":"article","og_title":"La Fondation - Martin Ennals Award La Fondation Martin Ennals","og_description":"D\u00e9couvrez le travail de la Fondation Martin Ennals. Chaque ann\u00e9e, la Fondation Martin Ennals r\u00e9compense des d\u00e9fenseur-e-s des droits humains.","og_url":"https:\/\/www.martinennalsaward.org\/about-us\/","og_site_name":"Martin Ennals Award","article_modified_time":"2026-02-13T10:35:53+00:00","twitter_card":"summary_large_image","twitter_misc":{"Dur\u00e9e de lecture estim\u00e9e":"1 minute"},"schema":{"@context":"https:\/\/schema.org","@graph":[{"@type":"WebPage","@id":"https:\/\/www.martinennalsaward.org\/about-us\/","url":"https:\/\/www.martinennalsaward.org\/about-us\/","name":"La Fondation - Martin Ennals Award La Fondation Martin Ennals","isPartOf":{"@id":"https:\/\/www.martinennalsaward.org\/#website"},"datePublished":"2024-08-26T19:25:56+00:00","dateModified":"2026-02-13T10:35:53+00:00","description":"D\u00e9couvrez le travail de la Fondation Martin Ennals. Chaque ann\u00e9e, la Fondation Martin Ennals r\u00e9compense des d\u00e9fenseur-e-s des droits humains.","breadcrumb":{"@id":"https:\/\/www.martinennalsaward.org\/about-us\/#breadcrumb"},"inLanguage":"fr-FR","potentialAction":[{"@type":"ReadAction","target":["https:\/\/www.martinennalsaward.org\/about-us\/"]}]},{"@type":"BreadcrumbList","@id":"https:\/\/www.martinennalsaward.org\/about-us\/#breadcrumb","itemListElement":[{"@type":"ListItem","position":1,"name":"Home","item":"https:\/\/www.martinennalsaward.org\/"},{"@type":"ListItem","position":2,"name":"La Fondation"}]},{"@type":"WebSite","@id":"https:\/\/www.martinennalsaward.org\/#website","url":"https:\/\/www.martinennalsaward.org\/","name":"Martin Ennals Award","description":"For Human Rights Defenders","potentialAction":[{"@type":"SearchAction","target":{"@type":"EntryPoint","urlTemplate":"https:\/\/www.martinennalsaward.org\/?s={search_term_string}"},"query-input":{"@type":"PropertyValueSpecification","valueRequired":true,"valueName":"search_term_string"}}],"inLanguage":"fr-FR"}]}},"_links":{"self":[{"href":"https:\/\/www.martinennalsaward.org\/fr\/wp-json\/wp\/v2\/pages\/10299"}],"collection":[{"href":"https:\/\/www.martinennalsaward.org\/fr\/wp-json\/wp\/v2\/pages"}],"about":[{"href":"https:\/\/www.martinennalsaward.org\/fr\/wp-json\/wp\/v2\/types\/page"}],"author":[{"embeddable":true,"href":"https:\/\/www.martinennalsaward.org\/fr\/wp-json\/wp\/v2\/users\/9"}],"replies":[{"embeddable":true,"href":"https:\/\/www.martinennalsaward.org\/fr\/wp-json\/wp\/v2\/comments?post=10299"}],"version-history":[{"count":24,"href":"https:\/\/www.martinennalsaward.org\/fr\/wp-json\/wp\/v2\/pages\/10299\/revisions"}],"predecessor-version":[{"id":12016,"href":"https:\/\/www.martinennalsaward.org\/fr\/wp-json\/wp\/v2\/pages\/10299\/revisions\/12016"}],"wp:attachment":[{"href":"https:\/\/www.martinennalsaward.org\/fr\/wp-json\/wp\/v2\/media?parent=10299"}],"curies":[{"name":"wp","href":"https:\/\/api.w.org\/{rel}","templated":true}]}}